{"id":1550,"date":"2019-07-24T08:31:50","date_gmt":"2019-07-24T08:31:50","guid":{"rendered":"http:\/\/guenter-berghaus.com\/?page_id=1550"},"modified":"2024-03-03T15:36:34","modified_gmt":"2024-03-03T15:36:34","slug":"testseite","status":"publish","type":"page","link":"https:\/\/guenter-berghaus.com\/?page_id=1550","title":{"rendered":"Books"},"content":{"rendered":"<h2 style=\"text-align: center;\">Publications<\/h2>\n<p style=\"text-align: center;\">\u2013 click for images, tables of contents and further information \u2013<\/p>\n<p><strong>Authored Books<\/strong><\/p>\n<ol>\n<li>\n<p class=\"western\"><a title=\"Revolutionspossen\" href=\"https:\/\/guenter-berghaus.com\/?page_id=146\"><span lang=\"de-DE\"><i>J.N. Nestroys Revolutionspossen im Rahmen des Gesamtwerkes: Ein Beitrag zur Bestimmung von Nestroys Weltanschauung auf dem Hintergrund der \u00f6sterreichischen Sozialgeschichte des Vorm\u00e4rzes<\/i><\/span><span lang=\"de-DE\">, Dr. Phil. Dissertation, Freie Universit\u00e4t Berlin, 1977. Berlin: Colmsee, 1977, pp. 374. [OCLC-No: 256537357]<\/span><\/a><\/p>\n<\/li>\n<li>\n<p class=\"western\"><a title=\"Carolus Stuardus\" href=\"https:\/\/guenter-berghaus.com\/?page_id=174%20\"><span lang=\"de-DE\"><i>Die Quellen zu Andreas Gryphius\u2019 Trauerspiel \u201cCarolus Stuardus\u201d: Studien zur Entstehung eines historisch-politischen M\u00e4rtyrerdramas der Barockzeit<\/i><\/span><span lang=\"de-DE\">, T\u00fcbingen: Niemeyer, 1984, pp. 311. [ISBN 348418079X 9783484180796]<\/span><\/a><\/p>\n<\/li>\n<li>\n<p class=\"western\"><a title=\"Englische Revolution\" href=\"https:\/\/guenter-berghaus.com\/?page_id=188\"><span lang=\"de-DE\"><i>Die Aufnahme der Englischen Revolution in Deutschland 1640-1669: Studien zur politischen Literatur und Publizistik im 17. Jahrhundert mit einer Bibliographie der Flugschriften<\/i><\/span><span lang=\"de-DE\">, Wiesbaden: Harrassowitz, 1989, pp. 464. [ISBN, 3447027711, 9783447027717]<\/span><\/a><\/p>\n<\/li>\n<li>\n<p class=\"western\"><a title=\"Genesis of Futurism\" href=\"https:\/\/guenter-berghaus.com\/?page_id=198\"><i>The Genesis of Futurism: Marinetti\u2019s Early Career and Writings, 1899-1909,<\/i> Leeds: Society for Italian Studies, 1995, pp. 99. [ISBN: 0952590107 \/ ISBN-13: 9780952590101<span lang=\"de-DE\">]<\/span><\/a><\/p>\n<\/li>\n<li>\n<p class=\"western\"><a title=\"Futurism and Politics\" href=\"https:\/\/guenter-berghaus.com\/?page_id=80\"><i>Futurism and Politics: Between Anarchist Rebellion and Fascist Reaction, 1909-1944<\/i>, Oxford: Berghahn Books, 1996, pp. 326. [ISBN 978-1-57181-867-6]<\/a><\/p>\n<\/li>\n<li>\n<p class=\"western\"><a title=\"Italian Futurist Theatre\" href=\"https:\/\/guenter-berghaus.com\/?page_id=218\"><i>Italian Futurist Theatre<\/i>, <i>1909-1944, <\/i>Oxford: Clarendon Press, 1998, pp. 596. [ISBN: 019815898X; ISBN-13: 9780198158981<span lang=\"en-GB\">]<\/span><\/a><\/p>\n<\/li>\n<li>\n<p class=\"western\"><a title=\"Avant-garde Performance\" href=\"https:\/\/guenter-berghaus.com\/?page_id=244\"><i>Avant-garde Performance: Live Events and Electronic Technologies,<\/i> London: Palgrave Macmillan, 2005, pp. 374 [ISBN 1-4039-4645-0<span lang=\"en-GB\">]<\/span><\/a><\/p>\n<\/li>\n<li>\n<p class=\"western\"><a title=\"Historical Avant-garde\" href=\"https:\/\/guenter-berghaus.com\/?page_id=232\"><i>Theatre, Performance and the Historical Avant-garde,<\/i> New York: Palgrave Macmillan, 2005, pp. 374 [ISBN 1-4039-6955-8<span lang=\"en-GB\">]<\/span><\/a><\/p>\n<\/li>\n<\/ol>\n<p><strong>Edited Books<\/strong><\/p>\n<ol>\n<li style=\"list-style-type: none;\">\n<ol>\n<li>\n<p class=\"western\"><a title=\"Theatre and Film in Exile\" href=\"https:\/\/guenter-berghaus.com\/?page_id=254\"><i>Theatre and Film in Exile: German Artists in Britain, 1933-1945<\/i>, Oxford: Berg Publishers, 1989, pp. 275. [ISBN, 0854960252, 9780854960255<span lang=\"de-DE\">]<\/span><\/a><\/p>\n<\/li>\n<li>\n<p class=\"western\"><a title=\"Fascism and Theatre\" href=\"https:\/\/guenter-berghaus.com\/?page_id=266\"><i>Fascism and Theatre: Comparative Studies on the Politics and Aesthetics of Performance in Europe, 1925-1945<\/i>, Oxford: Berghahn Books, 1996, pp. 315. [ISBN, 0854960252, 9780854960255<span lang=\"de-DE\">]<\/span><\/a><\/p>\n<\/li>\n<li>\n<p class=\"western\"><a title=\"On Ritual\" href=\"https:\/\/guenter-berghaus.com\/?page_id=277\"><i>On Ritual<\/i> (Special issue of <i>Performance Research<\/i>, Winter 1998), London: Routledge, 1998, pp. 136. ISBN-13: 9780415182034. [ISBN-10: 0415182034<span lang=\"de-DE\">]<\/span><\/a><\/p>\n<\/li>\n<li>\n<p class=\"western\"><a title=\"International Futurism\" href=\"https:\/\/guenter-berghaus.com\/?page_id=287\"><i>International Futurism in Arts and Literature<\/i>, New York\/Berlin: De Gruyter, 2000, pp. 648. [ISBN, 3110156814, 9783110156812<span lang=\"de-DE\">]<\/span><\/a><\/p>\n<\/li>\n<li>\n<p class=\"western\"><a title=\"New Approaches\" href=\"https:\/\/guenter-berghaus.com\/?page_id=299\"><i>New Approaches to Theatre Studies and Performance Analysis,<\/i> T\u00fcbingen: Niemeyer, 2001, pp. 282 ISBN 3484660333<span lang=\"en-GB\">]<\/span><\/a><\/p>\n<\/li>\n<li>\n<p class=\"western\"><a title=\"Prehistoric Art\" href=\"https:\/\/guenter-berghaus.com\/?page_id=313%20\"><i>New Perspectives on Prehistoric Art<\/i>, Westport, CT: Praeger, 2004, pp. 265. [ISBN-10: 0275978133; ISBN-13: 978-0275978136<span lang=\"de-DE\">]<\/span><\/a><\/p>\n<\/li>\n<li>\n<p class=\"western\"><a title=\"Critical Writins\" href=\"https:\/\/guenter-berghaus.com\/?page_id=327\"><i>F. T. Marinetti: Critical Writings<\/i>, New York: Farrar, Straus and Giroux, 2006, pp. 554. [ISBN 0-374-26083-4<span lang=\"de-DE\">]<\/span><\/a><\/p>\n<\/li>\n<li>\n<p class=\"western\"><a title=\"Technological Imagination\" href=\"https:\/\/guenter-berghaus.com\/?page_id=341\"><i>Futurism and the Technological Imagination<\/i>. Amsterdam &amp; New York: Rodopi, 2009. pp. 394. In: [ISBN 978-90-420-2747-3<span lang=\"de-DE\">]<\/span><\/a><\/p>\n<\/li>\n<li>\n<p class=\"western\"><a title=\"Necesidad\" href=\"https:\/\/guenter-berghaus.com\/?page_id=353\"><span lang=\"it-IT\">F.T. Marinetti: <\/span><span lang=\"it-IT\"><i>Necesidad y belleza de la violencia<\/i><\/span><span lang=\"it-IT\">. Edici\u00f3n e introducci\u00f3n de G\u00fcnter Berghaus. Traducci\u00f3n de Juan Jos\u00e9 G\u00f3mez. <\/span>Sevilla: Editorial Doble J, 2010. pp. 82. [ISBN 978-84-96875-95-1<span lang=\"de-DE\">]<\/span><\/a><\/p>\n<\/li>\n<li>\n<p class=\"western\"><a title=\"yearbook 2011\" href=\"https:\/\/guenter-berghaus.com\/?page_id=1646\"><i>Futurism in Eastern and Central Europe<\/i>. Special issue of <i>International<\/i> <i>Yearbook of Futurism Studies,<\/i> Vol. 1. Berlin\/New York: Walter de Gruyter, 2011. pp. 497. [ISBN 978-3-11-023776-4<span lang=\"de-DE\">]<\/span><\/a><\/p>\n<\/li>\n<li>\n<p class=\"western\"><a title=\"yearbook 2012\" href=\"https:\/\/guenter-berghaus.com\/?page_id=1666\"><i>International<\/i> <i>Yearbook of Futurism Studies.<\/i> Vol. 2. Open Issue. Berlin &amp; New York: Walter de Gruyter, 2012. pp. 520. [ISSN: 2192-0281<span lang=\"de-DE\">]<\/span><\/a><\/p>\n<\/li>\n<li>\n<p class=\"western\"><a title=\"yearbook 2013\" href=\"https:\/\/guenter-berghaus.com\/?page_id=1677\"><i>Futurism on the Iberian Peninsula<\/i>. Special issue of <i>International<\/i> <i>Yearbook of Futurism Studies.<\/i> Vol. 3. Berlin &amp; Boston: Walter de Gruyter, 2013. pp. 532. [ISSN: 2192-0281<span lang=\"de-DE\">]<\/span><\/a><\/p>\n<\/li>\n<li>\n<p class=\"western\"><a title=\"yearbook 2014\" href=\"https:\/\/guenter-berghaus.com\/?page_id=1686\"><i>International Yearbook of Futurism Studies.<\/i> Vol. 4. Open Issue. Berlin &amp; Boston: Walter de Gruyter, 2014. pp. 619. [ISBN: 978-3-11-033400-5<span lang=\"de-DE\">]<\/span><\/a><\/p>\n<\/li>\n<li>\n<p class=\"western\"><a title=\"yearbook 2015\" href=\"https:\/\/guenter-berghaus.com\/?page_id=1697\"><i>Women Artists and Futurism<\/i>. Special issue of <i>International Yearbook of Futurism Studies.<\/i> Vol. 5. Berlin &amp; Boston: Walter de Gruyter, 2015. pp. 680. [ISBN: 978-3-11-040850-8]<\/a><\/p>\n<\/li>\n<li>\n<p class=\"western\"><a title=\"yearbook 2016\" href=\"https:\/\/guenter-berghaus.com\/?page_id=1710\"><i>International Yearbook of Futurism Studies.<\/i> Vol. 6. Berlin &amp; Boston: Walter de Gruyter, 2016. pp. 576. [ISBN 978-3-11-046253-1]<\/a><\/p>\n<\/li>\n<li>\n<p class=\"western\"><a title=\"yearbook 2017\" href=\"https:\/\/guenter-berghaus.com\/?page_id=1723\"><i>Futurism in Latin America.<\/i> Special issue of <i>International Yearbook of Futurism Studies.<\/i> Vol. 7. Berlin &amp; Boston: Walter de Gruyter, 2017. pp. XLII, 528. [ISBN 978-3-11-052688-2]<\/a><\/p>\n<\/li>\n<li>\n<p class=\"western\"><a title=\"yearbook 2018\" href=\"https:\/\/guenter-berghaus.com\/?page_id=1746\"><i>International Yearbook of Futurism Studies.<\/i> Vol. 8. Berlin &amp; Boston: Walter de Gruyter, 2018. pp. XX+531 [978-3-11-057463-0]<\/a><\/p>\n<\/li>\n<li>\n<p class=\"western\"><a title=\"2019 Handbook\" href=\"https:\/\/guenter-berghaus.com\/?page_id=1785\"><em>Handbook of International Futurism<\/em>. Berlin &amp; Boston: Walter de Gruyter, 2019. XX+964 pp [ISBN: 978-3-11-027347-2]<\/a><\/p>\n<\/li>\n<li>\n<p class=\"western\"><a title=\"2019 Handbook\" href=\"https:\/\/guenter-berghaus.com\/?page_id=1785\"><i>Russian Futurism.<\/i> Special issue of <em>International Yearbook of Futurism Studies<\/em>. Vol. 9. Berlin &amp; Boston: Walter de Gruyter, 2019. pp. XXII+553 [ISBN 978-3-11-064471-5]<\/a><\/p>\n<\/li>\n<li>\n<p class=\"western\"><a href=\"https:\/\/guenter-berghaus.com\/?page_id=2007\" target=\"_blank\" rel=\"noopener\"><em>International Yearbook of Futurism Studies<\/em>. Vol. 10. Berlin\/ Boston: Walter de Gruyter, 2020. xxii+525 pp. ISBN 978-3-11-070208-8.<\/a><\/p>\n<\/li>\n<li>\n<p class=\"western\"><a href=\"https:\/\/guenter-berghaus.com\/?page_id=2055\" target=\"_blank\" rel=\"noopener\">F.T. Marinetti: <em>Necessit\u00e0 e bellezza della violenza<\/em>. Con un saggio critico di G\u00fcnter Berghaus. Napoli: Diana Edizioni, 2021. 160pp. ISBN 978-88-96221-64-8.<\/a><\/p>\n<\/li>\n<li>\n<p class=\"western\"><a href=\"https:\/\/guenter-berghaus.com\/?page_id=2036\" target=\"_blank\" rel=\"noopener\"><em>International Yearbook of Futurism Studies.<\/em> Vol. 12. Berlin\/ Boston: Walter de Gruyter, 2022. XVII + 586 pp. ISBN 978-3-11-079989-7<\/a><\/p>\n<\/li>\n<li>\n<p class=\"western\"><a href=\"https:\/\/guenter-berghaus.com\/?page_id=2046\" target=\"_blank\" rel=\"noopener\">(with Monica Jansen and Luca Somigli): <em>Futurism and the Sacred<\/em>. Special Issue of<em> International Yearbook of Futurism Studies<\/em>. Vol. 13. Berlin\/ Boston: Walter de Gruyter, 2023. XXVI + 443 pp. ISBN 978-3-11-075102-4.<\/a><\/p>\n<\/li>\n<li>\n<p class=\"western\"><a href=\"https:\/\/guenter-berghaus.com\/?page_id=2062\" target=\"_blank\" rel=\"noopener\">(with Mario Musella): Tullio Crali: <em>Sintesi teatrali futuriste \/ 13 Futurist Mini-Dramas<\/em>. Macerata: Biblohaus, 2023. ISBN 978-88-95844-63-3.<\/a><\/p>\n<\/li>\n<\/ol>\n<\/li>\n<\/ol>\n<p>&nbsp;<\/p>\n<p>&nbsp;<\/p>\n<p><strong>Books accepted for publication<\/strong><\/p>\n<p><i>International Futurism 1945-2015: A Bibliographic Handbook<\/i>. <span lang=\"de-DE\">Berlin &amp; Boston: Walter de Gruyter, <\/span>2 vols. pp. c.1,600. [ISBN 978-3-11-021580-9]&nbsp;<\/p>\n","protected":false},"excerpt":{"rendered":"<p>Publications \u2013 click for images, tables of contents and further information \u2013 Authored Books J.N. Nestroys Revolutionspossen im Rahmen des Gesamtwerkes: Ein Beitrag zur Bestimmung von Nestroys Weltanschauung auf dem Hintergrund der \u00f6sterreichischen Sozialgeschichte des Vorm\u00e4rzes, Dr. Phil. Dissertation, Freie Universit\u00e4t Berlin, 1977. Berlin: Colmsee, 1977, pp. 374. [OCLC-No: 256537357] Die Quellen zu Andreas Gryphius\u2019 [&hellip;]<\/p>\n","protected":false},"author":1,"featured_media":0,"parent":0,"menu_order":0,"comment_status":"closed","ping_status":"closed","template":"","meta":{"ngg_post_thumbnail":0,"footnotes":""},"class_list":["post-1550","page","type-page","status-publish","hentry"],"_links":{"self":[{"href":"https:\/\/guenter-berghaus.com\/index.php?rest_route=\/wp\/v2\/pages\/1550","targetHints":{"allow":["GET"]}}],"collection":[{"href":"https:\/\/guenter-berghaus.com\/index.php?rest_route=\/wp\/v2\/pages"}],"about":[{"href":"https:\/\/guenter-berghaus.com\/index.php?rest_route=\/wp\/v2\/types\/page"}],"author":[{"embeddable":true,"href":"https:\/\/guenter-berghaus.com\/index.php?rest_route=\/wp\/v2\/users\/1"}],"replies":[{"embeddable":true,"href":"https:\/\/guenter-berghaus.com\/index.php?rest_route=%2Fwp%2Fv2%2Fcomments&post=1550"}],"version-history":[{"count":27,"href":"https:\/\/guenter-berghaus.com\/index.php?rest_route=\/wp\/v2\/pages\/1550\/revisions"}],"predecessor-version":[{"id":2066,"href":"https:\/\/guenter-berghaus.com\/index.php?rest_route=\/wp\/v2\/pages\/1550\/revisions\/2066"}],"wp:attachment":[{"href":"https:\/\/guenter-berghaus.com\/index.php?rest_route=%2Fwp%2Fv2%2Fmedia&parent=1550"}],"curies":[{"name":"wp","href":"https:\/\/api.w.org\/{rel}","templated":true}]}}